{"id":43,"date":"2024-07-05T16:34:55","date_gmt":"2024-07-05T14:34:55","guid":{"rendered":"https:\/\/assohapi.eu\/?page_id=43"},"modified":"2025-10-16T19:11:15","modified_gmt":"2025-10-16T17:11:15","slug":"agenda","status":"publish","type":"page","link":"https:\/\/assohapi.eu\/index.php\/agenda\/","title":{"rendered":"Agenda"},"content":{"rendered":"\n<p class=\"has-large-font-size\"><strong><em>Activit\u00e9s pr\u00e9vues en 2025 :<\/em><\/strong><\/p>\n\n\n\n<ul class=\"wp-block-list\">\n<li><strong style=\"color: initial;\"><em>Carnaval 2025<\/em><\/strong><\/li>\n\n\n\n<li><strong style=\"color: initial;\"><em>18 &amp; 19 avril : Cr\u00e9celles \u00e0 P\u00e2ques <\/em><\/strong><em style=\"color: initial;\">sur Dingsheim et Griesheim<\/em><\/li>\n\n\n\n<li><strong style=\"color: initial;\"><em>12 juillet<\/em><\/strong><em style=\"color: initial;\"> : <strong>Soir\u00e9e karaok\u00e9. <\/strong>Baguettes flamb\u00e9es, salades, g\u00e2teau maison, Mr Freeze\u2026<\/em><br>Inscription obligatoire (2\u20ac) en <a href=\"https:\/\/www.helloasso.com\/associations\/hapi-histoire-animation-patrimoine-lnitiative\/evenements\/karaoke-night\" target=\"_blank\" rel=\"noreferrer noopener\">cliquant ici<\/a><\/li>\n\n\n\n<li><strong style=\"color: initial;\"><em>Jeudi 14 ao\u00fbt<\/em><\/strong><em style=\"color: initial;\"> : Cin\u00e9ma en plein air. Inscription 2\u20ac.<\/em><br>Inscription fortement recommand\u00e9e (places limit\u00e9es) en <a href=\"https:\/\/www.helloasso.com\/associations\/hapi-histoire-animation-patrimoine-lnitiative\/evenements\/cine-en-plein-air-2025\" data-type=\"link\" data-id=\"https:\/\/www.helloasso.com\/associations\/hapi-histoire-animation-patrimoine-lnitiative\/evenements\/cine-en-plein-air-2025\" target=\"_blank\" rel=\"noreferrer noopener\">cliquant sur ce lien<\/a><\/li>\n\n\n\n<li><strong style=\"color: initial;\"><em>30 ao\u00fbt<\/em><\/strong><em style=\"color: initial;\"> : F\u00eate de la rentr\u00e9e \u00e0 la Grange. \u00ab&nbsp;Bingo de la rentr\u00e9e&nbsp;\u00bb pour les enfants \u00e0 partir de 16h.<\/em><\/li>\n\n\n\n<li><strong style=\"color: initial;\"><em>6 septembre<\/em><\/strong><em style=\"color: initial;\">&nbsp;: Forum des associations<\/em><\/li>\n\n\n\n<li><strong style=\"color: initial;\"><em>Vendredi 31 octobre<\/em><\/strong><em style=\"color: initial;\"> : Halloween 2025. Nouveaux parcours, concours citrouilles sculpt\u00e9es, concours d\u00e9guisements, atelier maquillage. Inscription 3\u20ac (formulaire \u00e0 venir)<\/em><\/li>\n\n\n\n<li><em><strong>29 &amp; 30 novembre 2025<\/strong> : <a href=\"https:\/\/assohapi.eu\/index.php\/marche-de-noel\/\" data-type=\"page\" data-id=\"52\">Village de No\u00ebl<\/a><\/em>. <\/li>\n<\/ul>\n\n\n\n<p><\/p>\n","protected":false},"excerpt":{"rendered":"<p>Activit\u00e9s pr\u00e9vues en 2025 :<\/p>\n","protected":false},"author":1,"featured_media":0,"parent":0,"menu_order":0,"comment_status":"closed","ping_status":"closed","template":"","meta":{"footnotes":""},"class_list":["post-43","page","type-page","status-publish","hentry"],"_links":{"self":[{"href":"https:\/\/assohapi.eu\/index.php\/wp-json\/wp\/v2\/pages\/43","targetHints":{"allow":["GET"]}}],"collection":[{"href":"https:\/\/assohapi.eu\/index.php\/wp-json\/wp\/v2\/pages"}],"about":[{"href":"https:\/\/assohapi.eu\/index.php\/wp-json\/wp\/v2\/types\/page"}],"author":[{"embeddable":true,"href":"https:\/\/assohapi.eu\/index.php\/wp-json\/wp\/v2\/users\/1"}],"replies":[{"embeddable":true,"href":"https:\/\/assohapi.eu\/index.php\/wp-json\/wp\/v2\/comments?post=43"}],"version-history":[{"count":10,"href":"https:\/\/assohapi.eu\/index.php\/wp-json\/wp\/v2\/pages\/43\/revisions"}],"predecessor-version":[{"id":222,"href":"https:\/\/assohapi.eu\/index.php\/wp-json\/wp\/v2\/pages\/43\/revisions\/222"}],"wp:attachment":[{"href":"https:\/\/assohapi.eu\/index.php\/wp-json\/wp\/v2\/media?parent=43"}],"curies":[{"name":"wp","href":"https:\/\/api.w.org\/{rel}","templated":true}]}}