{"id":27,"date":"2024-07-02T19:06:46","date_gmt":"2024-07-02T17:06:46","guid":{"rendered":"http:\/\/assohapi.eu\/?page_id=27"},"modified":"2025-03-24T10:36:47","modified_gmt":"2025-03-24T09:36:47","slug":"nos-albums-photos","status":"publish","type":"page","link":"https:\/\/assohapi.eu\/index.php\/nos-albums-photos\/","title":{"rendered":"Nos albums photos"},"content":{"rendered":"\n<p class=\"has-text-align-center has-medium-font-size\"><strong><em>2024<\/em><\/strong><\/p>\n\n\n\n<figure class=\"wp-block-table\"><table class=\"has-fixed-layout\"><tbody><tr><td>17 f\u00e9vrier 2024 : <a href=\"https:\/\/photos.app.goo.gl\/dNyjQNAkM7cWnFC48\" data-type=\"link\" data-id=\"https:\/\/photos.app.goo.gl\/dNyjQNAkM7cWnFC48\" target=\"_blank\" rel=\"noreferrer noopener\">Le carnaval<\/a><\/td><td>29 mars 2024 : <a href=\"https:\/\/photos.app.goo.gl\/MZ4e7UzBYRScnrf29\" data-type=\"link\" data-id=\"https:\/\/photos.app.goo.gl\/MZ4e7UzBYRScnrf29\" target=\"_blank\" rel=\"noreferrer noopener\">Les cr\u00e9celles<\/a><\/td><\/tr><tr><td>2 juin 2024 : <a href=\"https:\/\/photos.app.goo.gl\/86rWCXeMTw5vbYZt6\" data-type=\"link\" data-id=\"https:\/\/photos.app.goo.gl\/86rWCXeMTw5vbYZt6\" target=\"_blank\" rel=\"noreferrer noopener\">Visite historique et guid\u00e9e de Dingsheim<\/a><\/td><td>27 juillet 2024 : <a href=\"https:\/\/photos.app.goo.gl\/Rq8BgGWd63YHEkY88\" data-type=\"link\" data-id=\"https:\/\/photos.app.goo.gl\/Rq8BgGWd63YHEkY88\" target=\"_blank\" rel=\"noreferrer noopener\">Soir\u00e9e cin\u00e9 \u00ab\u00a0presque\u00a0\u00bb en plein air !!<\/a><\/td><\/tr><tr><td>D\u00e9cembre 2024 : <a href=\"https:\/\/photos.app.goo.gl\/dm5iCLUJjivBENzG7\" data-type=\"link\" data-id=\"https:\/\/photos.app.goo.gl\/dm5iCLUJjivBENzG7\">Pr\u00e9paratifs du Village de No\u00ebl<\/a><\/td><td>D\u00e9cembre 2024 : <a href=\"https:\/\/photos.app.goo.gl\/CWLGcDbUWtbRcaez7\" data-type=\"link\" data-id=\"https:\/\/photos.app.goo.gl\/CWLGcDbUWtbRcaez7\">Village de No\u00ebl<\/a><\/td><\/tr><\/tbody><\/table><\/figure>\n\n\n\n<p class=\"has-text-align-center has-medium-font-size\"><strong><em>2023<\/em><\/strong><\/p>\n\n\n\n<figure class=\"wp-block-table\"><table class=\"has-fixed-layout\"><tbody><tr><td>2 septembre 2023 : <a href=\"https:\/\/photos.app.goo.gl\/g8RAYX8iohMZpQQXA\" data-type=\"link\" data-id=\"https:\/\/photos.app.goo.gl\/g8RAYX8iohMZpQQXA\" target=\"_blank\" rel=\"noreferrer noopener\">La f\u00eate de la rentr\u00e9e<\/a><\/td><td>29 &amp; 30 octobre 2023 : <a href=\"https:\/\/photos.app.goo.gl\/83D7YQ9pqwGpoEDW7\" data-type=\"link\" data-id=\"https:\/\/photos.app.goo.gl\/83D7YQ9pqwGpoEDW7\" target=\"_blank\" rel=\"noreferrer noopener\">Pr\u00e9paration de \u00ab\u00a0La nuit d&rsquo;Halloween\u00a0\u00bb<\/a><\/td><\/tr><tr><td>31 octobre 2023 : <a href=\"https:\/\/photos.app.goo.gl\/GiubZxseQBZdToSS6\" data-type=\"link\" data-id=\"https:\/\/photos.app.goo.gl\/GiubZxseQBZdToSS6\" target=\"_blank\" rel=\"noreferrer noopener\">La nuit d&rsquo;Halloween<\/a><\/td><td><\/td><\/tr><\/tbody><\/table><\/figure>\n\n\n\n<p><\/p>\n\n\n\n<p><\/p>\n\n\n\n<p><\/p>\n","protected":false},"excerpt":{"rendered":"<p>2024 17 f\u00e9vrier 2024 : Le carnaval 29 mars 2024 : Les cr\u00e9celles 2 juin 2024 : Visite historique et guid\u00e9e de Dingsheim 27 juillet 2024 : Soir\u00e9e cin\u00e9 \u00ab\u00a0presque\u00a0\u00bb en plein air !! D\u00e9cembre 2024 : Pr\u00e9paratifs du Village de No\u00ebl D\u00e9cembre 2024 : Village de No\u00ebl 2023 2 septembre 2023 : La f\u00eate [&hellip;]<\/p>\n","protected":false},"author":1,"featured_media":0,"parent":0,"menu_order":0,"comment_status":"closed","ping_status":"closed","template":"","meta":{"footnotes":""},"class_list":["post-27","page","type-page","status-publish","hentry"],"_links":{"self":[{"href":"https:\/\/assohapi.eu\/index.php\/wp-json\/wp\/v2\/pages\/27","targetHints":{"allow":["GET"]}}],"collection":[{"href":"https:\/\/assohapi.eu\/index.php\/wp-json\/wp\/v2\/pages"}],"about":[{"href":"https:\/\/assohapi.eu\/index.php\/wp-json\/wp\/v2\/types\/page"}],"author":[{"embeddable":true,"href":"https:\/\/assohapi.eu\/index.php\/wp-json\/wp\/v2\/users\/1"}],"replies":[{"embeddable":true,"href":"https:\/\/assohapi.eu\/index.php\/wp-json\/wp\/v2\/comments?post=27"}],"version-history":[{"count":11,"href":"https:\/\/assohapi.eu\/index.php\/wp-json\/wp\/v2\/pages\/27\/revisions"}],"predecessor-version":[{"id":190,"href":"https:\/\/assohapi.eu\/index.php\/wp-json\/wp\/v2\/pages\/27\/revisions\/190"}],"wp:attachment":[{"href":"https:\/\/assohapi.eu\/index.php\/wp-json\/wp\/v2\/media?parent=27"}],"curies":[{"name":"wp","href":"https:\/\/api.w.org\/{rel}","templated":true}]}}